{"id":80,"date":"2024-02-22T19:11:58","date_gmt":"2024-02-22T22:11:58","guid":{"rendered":"http:\/\/isitu.com.br\/?page_id=80"},"modified":"2024-03-01T13:37:36","modified_gmt":"2024-03-01T16:37:36","slug":"home-2","status":"publish","type":"page","link":"https:\/\/www.isitu.com.br\/","title":{"rendered":"Home"},"content":{"rendered":"\n<div class=\"wp-block-group alignfull has-contrast-color has-text-color has-background has-link-color wp-elements-cd180a53f8ceb2b35919c5041fc61cb8 has-global-padding is-layout-constrained wp-container-core-group-is-layout-d89aad35 wp-block-group-is-layout-constrained\" style=\"background-color:#ffffff;margin-top:0;margin-bottom:0;padding-top:var(--wp--preset--spacing--50);padding-right:var(--wp--preset--spacing--50);padding-bottom:var(--wp--preset--spacing--50);padding-left:var(--wp--preset--spacing--50)\">\n<div class=\"wp-block-columns alignwide are-vertically-aligned-center has-contrast-color has-text-color has-link-color wp-elements-92c5c67296024d6b7aafad970cc9fd12 is-layout-flex wp-container-core-columns-is-layout-47c06fe3 wp-block-columns-is-layout-flex\">\n<div class=\"wp-block-column is-vertically-aligned-center is-layout-flow wp-block-column-is-layout-flow\" style=\"flex-basis:50%\">\n<h3 class=\"wp-block-heading has-background has-heading-font-family has-large-font-size\" style=\"background-color:#fffefe;font-style:normal;font-weight:500\">Conhe\u00e7a a Info Solution<\/h3>\n\n\n\n<p class=\"has-heading-font-family has-small-font-size\">Bem-vindo \u00e0 Info Solution: Sua parceira especialista em TI por quase uma d\u00e9cada!<\/p>\n\n\n\n<p class=\"has-heading-font-family has-small-font-size\">A Info Solution \u00e9 uma empresa especializada em servi\u00e7os de TI para pequenas e m\u00e9dias empresas, desde 2014 no mercado. Buscamos constantemente solu\u00e7\u00f5es e melhorias para os neg\u00f3cios de nossos clientes. Oferecemos servi\u00e7os personalizados de TI, com \u00eanfase em transpar\u00eancia, credibilidade, responsabilidade e agilidade.<\/p>\n\n\n\n<p class=\"has-heading-font-family has-small-font-size\">Entendemos o impacto do tempo de inatividade e estamos comprometidos em oferecer o melhor suporte poss\u00edvel para o seu neg\u00f3cio e sua equipe.<\/p>\n\n\n\n<p class=\"has-heading-font-family has-small-font-size\">Nosso objetivo \u00e9 ajudar empresas a enfrentarem os desafios da tecnologia, garantindo que suas opera\u00e7\u00f5es de TI funcionem sem interrup\u00e7\u00f5es, tornando-as mais competitivas e garantindo a produtividade de seus colaboradores e permitindo que voc\u00ea se concentre no crescimento do seu neg\u00f3cio.<\/p>\n\n\n\n<p class=\"has-heading-font-family has-small-font-size\">Mais do que uma empresa de tecnologia da informa\u00e7\u00e3o, n\u00f3s constru\u00edmos rela\u00e7\u00f5es s\u00f3lidas com nossos clientes. Acreditamos que uma boa rela\u00e7\u00e3o com a TI \u00e9 essencial para o sucesso do neg\u00f3cio.<\/p>\n<\/div>\n<\/div>\n<\/div>\n\n\n\n<p class=\"has-background\" style=\"background-color:#fefefe\"><\/p>\n","protected":false},"excerpt":{"rendered":"<p>Conhe\u00e7a a Info Solution Bem-vindo \u00e0 Info Solution: Sua parceira especialista em TI por quase uma d\u00e9cada! A Info Solution \u00e9 uma empresa especializada em servi\u00e7os de TI para pequenas e m\u00e9dias empresas, desde 2014 no mercado. Buscamos constantemente solu\u00e7\u00f5es e melhorias para os neg\u00f3cios de nossos clientes. Oferecemos servi\u00e7os personalizados de TI, com \u00eanfase [&hellip;]<\/p>\n","protected":false},"author":1,"featured_media":0,"parent":0,"menu_order":0,"comment_status":"closed","ping_status":"closed","template":"","meta":{"footnotes":""},"class_list":["post-80","page","type-page","status-publish","hentry"],"_links":{"self":[{"href":"https:\/\/www.isitu.com.br\/index.php?rest_route=\/wp\/v2\/pages\/80","targetHints":{"allow":["GET"]}}],"collection":[{"href":"https:\/\/www.isitu.com.br\/index.php?rest_route=\/wp\/v2\/pages"}],"about":[{"href":"https:\/\/www.isitu.com.br\/index.php?rest_route=\/wp\/v2\/types\/page"}],"author":[{"embeddable":true,"href":"https:\/\/www.isitu.com.br\/index.php?rest_route=\/wp\/v2\/users\/1"}],"replies":[{"embeddable":true,"href":"https:\/\/www.isitu.com.br\/index.php?rest_route=%2Fwp%2Fv2%2Fcomments&post=80"}],"version-history":[{"count":9,"href":"https:\/\/www.isitu.com.br\/index.php?rest_route=\/wp\/v2\/pages\/80\/revisions"}],"predecessor-version":[{"id":188,"href":"https:\/\/www.isitu.com.br\/index.php?rest_route=\/wp\/v2\/pages\/80\/revisions\/188"}],"wp:attachment":[{"href":"https:\/\/www.isitu.com.br\/index.php?rest_route=%2Fwp%2Fv2%2Fmedia&parent=80"}],"curies":[{"name":"wp","href":"https:\/\/api.w.org\/{rel}","templated":true}]}}